{"id":859,"date":"2015-05-14T23:55:17","date_gmt":"2015-05-14T20:55:17","guid":{"rendered":"https:\/\/saglikpersonelleri.com\/?page_id=859"},"modified":"2024-06-08T10:25:31","modified_gmt":"2024-06-08T07:25:31","slug":"gizlilik-politikasi","status":"publish","type":"page","link":"https:\/\/saglikpersonelleri.com\/?page_id=859","title":{"rendered":"Gizlilik Politikas\u0131"},"content":{"rendered":"<p><a href=\"http:\/\/www.doubleclick.com\/privacy\/faq.aspx\">DoubleClick DART \u00e7erezi<\/a>, Google taraf\u0131ndan, AdSense reklamlar\u0131 g\u00f6r\u00fcnt\u00fcleyen veya Google sertifikal\u0131 reklam a\u011flar\u0131na dahil olan web siteleri gibi ortak web sitelerinde sunulan reklamlarda kullan\u0131l\u0131r. Kullan\u0131c\u0131lar bir orta\u011f\u0131n web sitesini ziyaret etti\u011finde ve bir reklam\u0131 g\u00f6r\u00fcnt\u00fcledi\u011finde ya da t\u0131klad\u0131\u011f\u0131nda, son kullan\u0131c\u0131n\u0131n taray\u0131c\u0131s\u0131na bir \u00e7erez b\u0131rak\u0131labilir. Bu \u00e7erezlerle toplanan veriler, yay\u0131nc\u0131lar\u0131n sitelerinde ve web\u2019de daha etkili bir \u015fekilde reklam sunmaya ve y\u00f6netmeye yard\u0131mc\u0131 olmak i\u00e7in kullan\u0131l\u0131r.<\/p>\n<p>Google da dahil olmak \u00fczere \u00fc\u00e7\u00fcnc\u00fc taraf sa\u011flay\u0131c\u0131lar, bir kullan\u0131c\u0131n\u0131n web sitenize \u00f6nceden yapt\u0131\u011f\u0131 ziyaretlere dayal\u0131 olarak reklam sunmak i\u00e7in \u00e7erezlerden yararlan\u0131r.<\/p>\n<p>Google\u2019\u0131n DART \u00e7erezlerini kullanmas\u0131, kendisinin ve ortaklar\u0131n\u0131n kullan\u0131c\u0131lar\u0131n\u0131za, sitenize ve\/veya \u0130nternet\u2019teki di\u011fer sitelere yapt\u0131klar\u0131 ziyaretlere dayal\u0131 olarak reklam sunmas\u0131na olanak verir. Kullan\u0131c\u0131lar, <a href=\"http:\/\/www.google.com\/privacy_ads.html\">reklam devre d\u0131\u015f\u0131 b\u0131rakma sayfas\u0131n\u0131<\/a> ziyaret ederek DART \u00e7erezi kullan\u0131m\u0131n\u0131 devre d\u0131\u015f\u0131 b\u0131rakabilir. (Alternatif olarak, kullan\u0131c\u0131lar\u0131, Network Advertising Initiative (A\u011f Reklamc\u0131l\u0131\u011f\u0131 \u0130nisiyatifi) <a href=\"http:\/\/www.networkadvertising.org\/managing\/opt_out.asp\">devre d\u0131\u015f\u0131 b\u0131rakma sayfas\u0131n\u0131<\/a> ziyaret ederek bir \u00fc\u00e7\u00fcnc\u00fc taraf sa\u011flay\u0131c\u0131n\u0131n \u00e7erez kullan\u0131m\u0131n\u0131 devre d\u0131\u015f\u0131 b\u0131rakmaya y\u00f6nlendirebilirsiniz.)<\/p>\n<p><a href=\"http:\/\/support.google.com\/adsense\/bin\/answer.py?answer=191271\">\u00dc\u00e7\u00fcnc\u00fc taraf reklam sunumunu devre d\u0131\u015f\u0131 b\u0131rakmad\u0131ysan\u0131z<\/a>, sitenizde reklam sunmak i\u00e7in di\u011fer <a href=\"http:\/\/support.google.com\/adsense\/bin\/answer.py?answer=94149\">\u00fc\u00e7\u00fcnc\u00fc taraf sa\u011flay\u0131c\u0131lara veya reklam a\u011flar\u0131na<\/a> ait \u00e7erezler de kullan\u0131labilir.<\/p>\n<p>Google, \u0130\u00e7erik i\u00e7in AdSense reklamlar\u0131n\u0131n g\u00f6r\u00fcnt\u00fclendi\u011fi yay\u0131nc\u0131 web sitelerinde <a href=\"http:\/\/www.doubleclick.com\/privacy\/faq.aspx\">DoubleClick DART \u00e7erezini<\/a> kullan\u0131r. Ge\u00e7erli yasalar, kurallar ve d\u00fczenlemelere tabi olacak \u015fekilde, DoubleClick DART \u00e7erezini kullanman\u0131z sonucu elde edilen t\u00fcm verileri, bunlar\u0131n Google taraf\u0131ndan <a href=\"http:\/\/www.google.com\/privacy_ads.html\">Google reklamlar\u0131na ili\u015fkin gizlilik politikalar\u0131<\/a>, ge\u00e7erli yasalar, kurallar ve d\u00fczenlemeler do\u011frultusunda kullan\u0131lmas\u0131na ve payla\u015f\u0131lmas\u0131na izin vermeniz ko\u015fuluyla, i\u015finizle ilgili herhangi bir ama\u00e7 i\u00e7in kullanmak \u00fczere m\u00fcnhas\u0131r bir hakka sahip olursunuz.<\/p>\n","protected":false},"excerpt":{"rendered":"<p>DoubleClick DART \u00e7erezi, Google taraf\u0131ndan, AdSense reklamlar\u0131 g\u00f6r\u00fcnt\u00fcleyen veya Google sertifikal\u0131 reklam a\u011flar\u0131na dahil olan web siteleri gibi ortak web sitelerinde sunulan reklamlarda kullan\u0131l\u0131r. Kullan\u0131c\u0131lar bir orta\u011f\u0131n web sitesini ziyaret etti\u011finde ve bir reklam\u0131 g\u00f6r\u00fcnt\u00fcledi\u011finde ya da t\u0131klad\u0131\u011f\u0131nda, son kullan\u0131c\u0131n\u0131n taray\u0131c\u0131s\u0131na bir \u00e7erez b\u0131rak\u0131labilir. Bu \u00e7erezlerle toplanan veriler, yay\u0131nc\u0131lar\u0131n sitelerinde ve web\u2019de daha etkili bir &hellip;<\/p>\n","protected":false},"author":1,"featured_media":0,"parent":0,"menu_order":0,"comment_status":"closed","ping_status":"closed","template":"","meta":{"footnotes":""},"class_list":["post-859","page","type-page","status-publish","hentry"],"yoast_head":"<!-- This site is optimized with the Yoast SEO plugin v23.0 - https:\/\/yoast.com\/wordpress\/plugins\/seo\/ -->\n<title>Gizlilik Politikas\u0131 - Sa\u011fl\u0131k Haberleri<\/title>\n<meta name=\"robots\" content=\"index, follow, max-snippet:-1, max-image-preview:large, max-video-preview:-1\" \/>\n<link rel=\"canonical\" href=\"https:\/\/saglikpersonelleri.com\/?page_id=859\" \/>\n<meta property=\"og:locale\" content=\"tr_TR\" \/>\n<meta property=\"og:type\" content=\"article\" \/>\n<meta property=\"og:title\" content=\"Gizlilik Politikas\u0131 - Sa\u011fl\u0131k Haberleri\" \/>\n<meta property=\"og:description\" content=\"DoubleClick DART \u00e7erezi, Google taraf\u0131ndan, AdSense reklamlar\u0131 g\u00f6r\u00fcnt\u00fcleyen veya Google sertifikal\u0131 reklam a\u011flar\u0131na dahil olan web siteleri gibi ortak web sitelerinde sunulan reklamlarda kullan\u0131l\u0131r. Kullan\u0131c\u0131lar bir orta\u011f\u0131n web sitesini ziyaret etti\u011finde ve bir reklam\u0131 g\u00f6r\u00fcnt\u00fcledi\u011finde ya da t\u0131klad\u0131\u011f\u0131nda, son kullan\u0131c\u0131n\u0131n taray\u0131c\u0131s\u0131na bir \u00e7erez b\u0131rak\u0131labilir. Bu \u00e7erezlerle toplanan veriler, yay\u0131nc\u0131lar\u0131n sitelerinde ve web\u2019de daha etkili bir &hellip;\" \/>\n<meta property=\"og:url\" content=\"https:\/\/saglikpersonelleri.com\/?page_id=859\" \/>\n<meta property=\"og:site_name\" content=\"Sa\u011fl\u0131k Haberleri\" \/>\n<meta property=\"article:modified_time\" content=\"2024-06-08T07:25:31+00:00\" \/>\n<meta name=\"twitter:card\" content=\"summary_large_image\" \/>\n<meta name=\"twitter:label1\" content=\"Tahmini okuma s\u00fcresi\" \/>\n\t<meta name=\"twitter:data1\" content=\"2 dakika\" \/>\n<script type=\"application\/ld+json\" class=\"yoast-schema-graph\">{\"@context\":\"https:\/\/schema.org\",\"@graph\":[{\"@type\":\"WebPage\",\"@id\":\"https:\/\/saglikpersonelleri.com\/?page_id=859\",\"url\":\"https:\/\/saglikpersonelleri.com\/?page_id=859\",\"name\":\"Gizlilik Politikas\u0131 - Sa\u011fl\u0131k Haberleri\",\"isPartOf\":{\"@id\":\"https:\/\/saglikpersonelleri.com\/#website\"},\"datePublished\":\"2015-05-14T20:55:17+00:00\",\"dateModified\":\"2024-06-08T07:25:31+00:00\",\"breadcrumb\":{\"@id\":\"https:\/\/saglikpersonelleri.com\/?page_id=859#breadcrumb\"},\"inLanguage\":\"tr\",\"potentialAction\":[{\"@type\":\"ReadAction\",\"target\":[\"https:\/\/saglikpersonelleri.com\/?page_id=859\"]}]},{\"@type\":\"BreadcrumbList\",\"@id\":\"https:\/\/saglikpersonelleri.com\/?page_id=859#breadcrumb\",\"itemListElement\":[{\"@type\":\"ListItem\",\"position\":1,\"name\":\"Ana sayfa\",\"item\":\"https:\/\/saglikpersonelleri.com\/\"},{\"@type\":\"ListItem\",\"position\":2,\"name\":\"Gizlilik Politikas\u0131\"}]},{\"@type\":\"WebSite\",\"@id\":\"https:\/\/saglikpersonelleri.com\/#website\",\"url\":\"https:\/\/saglikpersonelleri.com\/\",\"name\":\"Sa\u011fl\u0131k Haberleri\",\"description\":\"Sa\u011fl\u0131k Personelleri G\u00fcndem ve Geli\u015fmeler\",\"publisher\":{\"@id\":\"https:\/\/saglikpersonelleri.com\/#organization\"},\"potentialAction\":[{\"@type\":\"SearchAction\",\"target\":{\"@type\":\"EntryPoint\",\"urlTemplate\":\"https:\/\/saglikpersonelleri.com\/?s={search_term_string}\"},\"query-input\":\"required name=search_term_string\"}],\"inLanguage\":\"tr\"},{\"@type\":\"Organization\",\"@id\":\"https:\/\/saglikpersonelleri.com\/#organization\",\"name\":\"Sa\u011fl\u0131k Personelleri\",\"url\":\"https:\/\/saglikpersonelleri.com\/\",\"logo\":{\"@type\":\"ImageObject\",\"inLanguage\":\"tr\",\"@id\":\"https:\/\/saglikpersonelleri.com\/#\/schema\/logo\/image\/\",\"url\":\"https:\/\/saglikpersonelleri.com\/wp-content\/uploads\/logo-1.png\",\"contentUrl\":\"https:\/\/saglikpersonelleri.com\/wp-content\/uploads\/logo-1.png\",\"width\":270,\"height\":125,\"caption\":\"Sa\u011fl\u0131k Personelleri\"},\"image\":{\"@id\":\"https:\/\/saglikpersonelleri.com\/#\/schema\/logo\/image\/\"},\"sameAs\":[\"https:\/\/www.pinterest.com\/saglikhaberlerimiz\/\"]}]}<\/script>\n<!-- \/ Yoast SEO plugin. -->","yoast_head_json":{"title":"Gizlilik Politikas\u0131 - Sa\u011fl\u0131k Haberleri","robots":{"index":"index","follow":"follow","max-snippet":"max-snippet:-1","max-image-preview":"max-image-preview:large","max-video-preview":"max-video-preview:-1"},"canonical":"https:\/\/saglikpersonelleri.com\/?page_id=859","og_locale":"tr_TR","og_type":"article","og_title":"Gizlilik Politikas\u0131 - Sa\u011fl\u0131k Haberleri","og_description":"DoubleClick DART \u00e7erezi, Google taraf\u0131ndan, AdSense reklamlar\u0131 g\u00f6r\u00fcnt\u00fcleyen veya Google sertifikal\u0131 reklam a\u011flar\u0131na dahil olan web siteleri gibi ortak web sitelerinde sunulan reklamlarda kullan\u0131l\u0131r. Kullan\u0131c\u0131lar bir orta\u011f\u0131n web sitesini ziyaret etti\u011finde ve bir reklam\u0131 g\u00f6r\u00fcnt\u00fcledi\u011finde ya da t\u0131klad\u0131\u011f\u0131nda, son kullan\u0131c\u0131n\u0131n taray\u0131c\u0131s\u0131na bir \u00e7erez b\u0131rak\u0131labilir. Bu \u00e7erezlerle toplanan veriler, yay\u0131nc\u0131lar\u0131n sitelerinde ve web\u2019de daha etkili bir &hellip;","og_url":"https:\/\/saglikpersonelleri.com\/?page_id=859","og_site_name":"Sa\u011fl\u0131k Haberleri","article_modified_time":"2024-06-08T07:25:31+00:00","twitter_card":"summary_large_image","twitter_misc":{"Tahmini okuma s\u00fcresi":"2 dakika"},"schema":{"@context":"https:\/\/schema.org","@graph":[{"@type":"WebPage","@id":"https:\/\/saglikpersonelleri.com\/?page_id=859","url":"https:\/\/saglikpersonelleri.com\/?page_id=859","name":"Gizlilik Politikas\u0131 - Sa\u011fl\u0131k Haberleri","isPartOf":{"@id":"https:\/\/saglikpersonelleri.com\/#website"},"datePublished":"2015-05-14T20:55:17+00:00","dateModified":"2024-06-08T07:25:31+00:00","breadcrumb":{"@id":"https:\/\/saglikpersonelleri.com\/?page_id=859#breadcrumb"},"inLanguage":"tr","potentialAction":[{"@type":"ReadAction","target":["https:\/\/saglikpersonelleri.com\/?page_id=859"]}]},{"@type":"BreadcrumbList","@id":"https:\/\/saglikpersonelleri.com\/?page_id=859#breadcrumb","itemListElement":[{"@type":"ListItem","position":1,"name":"Ana sayfa","item":"https:\/\/saglikpersonelleri.com\/"},{"@type":"ListItem","position":2,"name":"Gizlilik Politikas\u0131"}]},{"@type":"WebSite","@id":"https:\/\/saglikpersonelleri.com\/#website","url":"https:\/\/saglikpersonelleri.com\/","name":"Sa\u011fl\u0131k Haberleri","description":"Sa\u011fl\u0131k Personelleri G\u00fcndem ve Geli\u015fmeler","publisher":{"@id":"https:\/\/saglikpersonelleri.com\/#organization"},"potentialAction":[{"@type":"SearchAction","target":{"@type":"EntryPoint","urlTemplate":"https:\/\/saglikpersonelleri.com\/?s={search_term_string}"},"query-input":"required name=search_term_string"}],"inLanguage":"tr"},{"@type":"Organization","@id":"https:\/\/saglikpersonelleri.com\/#organization","name":"Sa\u011fl\u0131k Personelleri","url":"https:\/\/saglikpersonelleri.com\/","logo":{"@type":"ImageObject","inLanguage":"tr","@id":"https:\/\/saglikpersonelleri.com\/#\/schema\/logo\/image\/","url":"https:\/\/saglikpersonelleri.com\/wp-content\/uploads\/logo-1.png","contentUrl":"https:\/\/saglikpersonelleri.com\/wp-content\/uploads\/logo-1.png","width":270,"height":125,"caption":"Sa\u011fl\u0131k Personelleri"},"image":{"@id":"https:\/\/saglikpersonelleri.com\/#\/schema\/logo\/image\/"},"sameAs":["https:\/\/www.pinterest.com\/saglikhaberlerimiz\/"]}]}},"_links":{"self":[{"href":"https:\/\/saglikpersonelleri.com\/index.php?rest_route=\/wp\/v2\/pages\/859","targetHints":{"allow":["GET"]}}],"collection":[{"href":"https:\/\/saglikpersonelleri.com\/index.php?rest_route=\/wp\/v2\/pages"}],"about":[{"href":"https:\/\/saglikpersonelleri.com\/index.php?rest_route=\/wp\/v2\/types\/page"}],"author":[{"embeddable":true,"href":"https:\/\/saglikpersonelleri.com\/index.php?rest_route=\/wp\/v2\/users\/1"}],"replies":[{"embeddable":true,"href":"https:\/\/saglikpersonelleri.com\/index.php?rest_route=%2Fwp%2Fv2%2Fcomments&post=859"}],"version-history":[{"count":1,"href":"https:\/\/saglikpersonelleri.com\/index.php?rest_route=\/wp\/v2\/pages\/859\/revisions"}],"predecessor-version":[{"id":2585,"href":"https:\/\/saglikpersonelleri.com\/index.php?rest_route=\/wp\/v2\/pages\/859\/revisions\/2585"}],"wp:attachment":[{"href":"https:\/\/saglikpersonelleri.com\/index.php?rest_route=%2Fwp%2Fv2%2Fmedia&parent=859"}],"curies":[{"name":"wp","href":"https:\/\/api.w.org\/{rel}","templated":true}]}}