{"id":679,"date":"2015-04-23T21:27:53","date_gmt":"2015-04-23T18:27:53","guid":{"rendered":"https:\/\/saglikpersonelleri.com\/?page_id=679"},"modified":"2019-03-23T10:35:18","modified_gmt":"2019-03-23T07:35:18","slug":"iletisim","status":"publish","type":"page","link":"https:\/\/saglikpersonelleri.com\/?page_id=679","title":{"rendered":"\u0130leti\u015fim"},"content":{"rendered":"<p>Tan\u0131t\u0131m yaz\u0131s\u0131 i\u00e7in mail adresime mail atabilirsiniz b\u00f6yle daha h\u0131zl\u0131 \u015fekilde bana ula\u015f\u0131rs\u0131n\u0131z.<\/p>\n<p>kadinvsaglik@gmail.com<\/p>\n<p>&nbsp;<\/p>\n\n<div class=\"wpcf7 no-js\" id=\"wpcf7-f677-o1\" lang=\"en-US\" dir=\"ltr\">\n<div class=\"screen-reader-response\"><p role=\"status\" aria-live=\"polite\" aria-atomic=\"true\"><\/p> <ul><\/ul><\/div>\n<form action=\"\/index.php?rest_route=%2Fwp%2Fv2%2Fpages%2F679#wpcf7-f677-o1\" method=\"post\" class=\"wpcf7-form init\" aria-label=\"Contact form\" novalidate=\"novalidate\" data-status=\"init\">\n<div style=\"display: none;\">\n<input type=\"hidden\" name=\"_wpcf7\" value=\"677\" \/>\n<input type=\"hidden\" name=\"_wpcf7_version\" value=\"5.9.6\" \/>\n<input type=\"hidden\" name=\"_wpcf7_locale\" value=\"en_US\" \/>\n<input type=\"hidden\" name=\"_wpcf7_unit_tag\" value=\"wpcf7-f677-o1\" \/>\n<input type=\"hidden\" name=\"_wpcf7_container_post\" value=\"0\" \/>\n<input type=\"hidden\" name=\"_wpcf7_posted_data_hash\" value=\"\" \/>\n<\/div>\n<p>Ad\u0131n\u0131z (zorunlu)\n<\/p>\n<p><span class=\"wpcf7-form-control-wrap\" data-name=\"your-name\"><input size=\"40\" maxlength=\"80\" class=\"wpcf7-form-control wpcf7-text wpcf7-validates-as-required\" aria-required=\"true\" aria-invalid=\"false\" value=\"\" type=\"text\" name=\"your-name\" \/><\/span>\n<\/p>\n<p>Epostan\u0131z (zorunlu)\n<\/p>\n<p><span class=\"wpcf7-form-control-wrap\" data-name=\"your-email\"><input size=\"40\" maxlength=\"80\" class=\"wpcf7-form-control wpcf7-email wpcf7-validates-as-required wpcf7-text wpcf7-validates-as-email\" aria-required=\"true\" aria-invalid=\"false\" value=\"\" type=\"email\" name=\"your-email\" \/><\/span>\n<\/p>\n<p>Konu\n<\/p>\n<p><span class=\"wpcf7-form-control-wrap\" data-name=\"your-subject\"><input size=\"40\" maxlength=\"80\" class=\"wpcf7-form-control wpcf7-text\" aria-invalid=\"false\" value=\"\" type=\"text\" name=\"your-subject\" \/><\/span>\n<\/p>\n<p>\u0130letiniz\n<\/p>\n<p><span class=\"wpcf7-form-control-wrap\" data-name=\"your-message\"><textarea cols=\"40\" rows=\"10\" maxlength=\"400\" class=\"wpcf7-form-control wpcf7-textarea\" aria-invalid=\"false\" name=\"your-message\"><\/textarea><\/span>\n<\/p>\n<p><input class=\"wpcf7-form-control wpcf7-submit has-spinner\" type=\"submit\" value=\"G\u00f6nder\" \/>\n<\/p><div class=\"wpcf7-response-output\" aria-hidden=\"true\"><\/div>\n<\/form>\n<\/div>\n\n","protected":false},"excerpt":{"rendered":"<p>Tan\u0131t\u0131m yaz\u0131s\u0131 i\u00e7in mail adresime mail atabilirsiniz b\u00f6yle daha h\u0131zl\u0131 \u015fekilde bana ula\u015f\u0131rs\u0131n\u0131z. kadinvsaglik@gmail.com &nbsp;<\/p>\n","protected":false},"author":1,"featured_media":0,"parent":0,"menu_order":0,"comment_status":"open","ping_status":"open","template":"","meta":{"footnotes":""},"class_list":["post-679","page","type-page","status-publish","hentry"],"yoast_head":"<!-- This site is optimized with the Yoast SEO plugin v23.0 - https:\/\/yoast.com\/wordpress\/plugins\/seo\/ -->\n<title>\u0130leti\u015fim - Sa\u011fl\u0131k Haberleri<\/title>\n<meta name=\"robots\" content=\"index, follow, max-snippet:-1, max-image-preview:large, max-video-preview:-1\" \/>\n<link rel=\"canonical\" href=\"https:\/\/saglikpersonelleri.com\/?page_id=679\" \/>\n<meta property=\"og:locale\" content=\"tr_TR\" \/>\n<meta property=\"og:type\" content=\"article\" \/>\n<meta property=\"og:title\" content=\"\u0130leti\u015fim - Sa\u011fl\u0131k Haberleri\" \/>\n<meta property=\"og:description\" content=\"Tan\u0131t\u0131m yaz\u0131s\u0131 i\u00e7in mail adresime mail atabilirsiniz b\u00f6yle daha h\u0131zl\u0131 \u015fekilde bana ula\u015f\u0131rs\u0131n\u0131z. kadinvsaglik@gmail.com &nbsp;\" \/>\n<meta property=\"og:url\" content=\"https:\/\/saglikpersonelleri.com\/?page_id=679\" \/>\n<meta property=\"og:site_name\" content=\"Sa\u011fl\u0131k Haberleri\" \/>\n<meta property=\"article:modified_time\" content=\"2019-03-23T07:35:18+00:00\" \/>\n<meta name=\"twitter:card\" content=\"summary_large_image\" \/>\n<script type=\"application\/ld+json\" class=\"yoast-schema-graph\">{\"@context\":\"https:\/\/schema.org\",\"@graph\":[{\"@type\":\"WebPage\",\"@id\":\"https:\/\/saglikpersonelleri.com\/?page_id=679\",\"url\":\"https:\/\/saglikpersonelleri.com\/?page_id=679\",\"name\":\"\u0130leti\u015fim - Sa\u011fl\u0131k Haberleri\",\"isPartOf\":{\"@id\":\"https:\/\/saglikpersonelleri.com\/#website\"},\"datePublished\":\"2015-04-23T18:27:53+00:00\",\"dateModified\":\"2019-03-23T07:35:18+00:00\",\"breadcrumb\":{\"@id\":\"https:\/\/saglikpersonelleri.com\/?page_id=679#breadcrumb\"},\"inLanguage\":\"tr\",\"potentialAction\":[{\"@type\":\"ReadAction\",\"target\":[\"https:\/\/saglikpersonelleri.com\/?page_id=679\"]}]},{\"@type\":\"BreadcrumbList\",\"@id\":\"https:\/\/saglikpersonelleri.com\/?page_id=679#breadcrumb\",\"itemListElement\":[{\"@type\":\"ListItem\",\"position\":1,\"name\":\"Ana sayfa\",\"item\":\"https:\/\/saglikpersonelleri.com\/\"},{\"@type\":\"ListItem\",\"position\":2,\"name\":\"\u0130leti\u015fim\"}]},{\"@type\":\"WebSite\",\"@id\":\"https:\/\/saglikpersonelleri.com\/#website\",\"url\":\"https:\/\/saglikpersonelleri.com\/\",\"name\":\"Sa\u011fl\u0131k Haberleri\",\"description\":\"Sa\u011fl\u0131k Personelleri G\u00fcndem ve Geli\u015fmeler\",\"publisher\":{\"@id\":\"https:\/\/saglikpersonelleri.com\/#organization\"},\"potentialAction\":[{\"@type\":\"SearchAction\",\"target\":{\"@type\":\"EntryPoint\",\"urlTemplate\":\"https:\/\/saglikpersonelleri.com\/?s={search_term_string}\"},\"query-input\":\"required name=search_term_string\"}],\"inLanguage\":\"tr\"},{\"@type\":\"Organization\",\"@id\":\"https:\/\/saglikpersonelleri.com\/#organization\",\"name\":\"Sa\u011fl\u0131k Personelleri\",\"url\":\"https:\/\/saglikpersonelleri.com\/\",\"logo\":{\"@type\":\"ImageObject\",\"inLanguage\":\"tr\",\"@id\":\"https:\/\/saglikpersonelleri.com\/#\/schema\/logo\/image\/\",\"url\":\"https:\/\/saglikpersonelleri.com\/wp-content\/uploads\/logo-1.png\",\"contentUrl\":\"https:\/\/saglikpersonelleri.com\/wp-content\/uploads\/logo-1.png\",\"width\":270,\"height\":125,\"caption\":\"Sa\u011fl\u0131k Personelleri\"},\"image\":{\"@id\":\"https:\/\/saglikpersonelleri.com\/#\/schema\/logo\/image\/\"},\"sameAs\":[\"https:\/\/www.pinterest.com\/saglikhaberlerimiz\/\"]}]}<\/script>\n<!-- \/ Yoast SEO plugin. -->","yoast_head_json":{"title":"\u0130leti\u015fim - Sa\u011fl\u0131k Haberleri","robots":{"index":"index","follow":"follow","max-snippet":"max-snippet:-1","max-image-preview":"max-image-preview:large","max-video-preview":"max-video-preview:-1"},"canonical":"https:\/\/saglikpersonelleri.com\/?page_id=679","og_locale":"tr_TR","og_type":"article","og_title":"\u0130leti\u015fim - Sa\u011fl\u0131k Haberleri","og_description":"Tan\u0131t\u0131m yaz\u0131s\u0131 i\u00e7in mail adresime mail atabilirsiniz b\u00f6yle daha h\u0131zl\u0131 \u015fekilde bana ula\u015f\u0131rs\u0131n\u0131z. kadinvsaglik@gmail.com &nbsp;","og_url":"https:\/\/saglikpersonelleri.com\/?page_id=679","og_site_name":"Sa\u011fl\u0131k Haberleri","article_modified_time":"2019-03-23T07:35:18+00:00","twitter_card":"summary_large_image","schema":{"@context":"https:\/\/schema.org","@graph":[{"@type":"WebPage","@id":"https:\/\/saglikpersonelleri.com\/?page_id=679","url":"https:\/\/saglikpersonelleri.com\/?page_id=679","name":"\u0130leti\u015fim - Sa\u011fl\u0131k Haberleri","isPartOf":{"@id":"https:\/\/saglikpersonelleri.com\/#website"},"datePublished":"2015-04-23T18:27:53+00:00","dateModified":"2019-03-23T07:35:18+00:00","breadcrumb":{"@id":"https:\/\/saglikpersonelleri.com\/?page_id=679#breadcrumb"},"inLanguage":"tr","potentialAction":[{"@type":"ReadAction","target":["https:\/\/saglikpersonelleri.com\/?page_id=679"]}]},{"@type":"BreadcrumbList","@id":"https:\/\/saglikpersonelleri.com\/?page_id=679#breadcrumb","itemListElement":[{"@type":"ListItem","position":1,"name":"Ana sayfa","item":"https:\/\/saglikpersonelleri.com\/"},{"@type":"ListItem","position":2,"name":"\u0130leti\u015fim"}]},{"@type":"WebSite","@id":"https:\/\/saglikpersonelleri.com\/#website","url":"https:\/\/saglikpersonelleri.com\/","name":"Sa\u011fl\u0131k Haberleri","description":"Sa\u011fl\u0131k Personelleri G\u00fcndem ve Geli\u015fmeler","publisher":{"@id":"https:\/\/saglikpersonelleri.com\/#organization"},"potentialAction":[{"@type":"SearchAction","target":{"@type":"EntryPoint","urlTemplate":"https:\/\/saglikpersonelleri.com\/?s={search_term_string}"},"query-input":"required name=search_term_string"}],"inLanguage":"tr"},{"@type":"Organization","@id":"https:\/\/saglikpersonelleri.com\/#organization","name":"Sa\u011fl\u0131k Personelleri","url":"https:\/\/saglikpersonelleri.com\/","logo":{"@type":"ImageObject","inLanguage":"tr","@id":"https:\/\/saglikpersonelleri.com\/#\/schema\/logo\/image\/","url":"https:\/\/saglikpersonelleri.com\/wp-content\/uploads\/logo-1.png","contentUrl":"https:\/\/saglikpersonelleri.com\/wp-content\/uploads\/logo-1.png","width":270,"height":125,"caption":"Sa\u011fl\u0131k Personelleri"},"image":{"@id":"https:\/\/saglikpersonelleri.com\/#\/schema\/logo\/image\/"},"sameAs":["https:\/\/www.pinterest.com\/saglikhaberlerimiz\/"]}]}},"_links":{"self":[{"href":"https:\/\/saglikpersonelleri.com\/index.php?rest_route=\/wp\/v2\/pages\/679","targetHints":{"allow":["GET"]}}],"collection":[{"href":"https:\/\/saglikpersonelleri.com\/index.php?rest_route=\/wp\/v2\/pages"}],"about":[{"href":"https:\/\/saglikpersonelleri.com\/index.php?rest_route=\/wp\/v2\/types\/page"}],"author":[{"embeddable":true,"href":"https:\/\/saglikpersonelleri.com\/index.php?rest_route=\/wp\/v2\/users\/1"}],"replies":[{"embeddable":true,"href":"https:\/\/saglikpersonelleri.com\/index.php?rest_route=%2Fwp%2Fv2%2Fcomments&post=679"}],"version-history":[{"count":1,"href":"https:\/\/saglikpersonelleri.com\/index.php?rest_route=\/wp\/v2\/pages\/679\/revisions"}],"predecessor-version":[{"id":2207,"href":"https:\/\/saglikpersonelleri.com\/index.php?rest_route=\/wp\/v2\/pages\/679\/revisions\/2207"}],"wp:attachment":[{"href":"https:\/\/saglikpersonelleri.com\/index.php?rest_route=%2Fwp%2Fv2%2Fmedia&parent=679"}],"curies":[{"name":"wp","href":"https:\/\/api.w.org\/{rel}","templated":true}]}}